{"id":46322,"date":"2024-04-22T16:05:21","date_gmt":"2024-04-22T15:05:21","guid":{"rendered":"https:\/\/tirikitrauki.com\/?post_type=product&#038;p=46322"},"modified":"2025-11-25T11:14:45","modified_gmt":"2025-11-25T10:14:45","slug":"antiko-4-voces-con-registro-kopia-kopia-kopia-kopia","status":"publish","type":"product","link":"https:\/\/tirikitrauki.com\/es\/producto\/antiko-4-voces-con-registro-kopia-kopia-kopia-kopia\/","title":{"rendered":"Inpernu 4 voces con registro"},"content":{"rendered":"","protected":false},"excerpt":{"rendered":"<p><strong>MODELO INPERNU CON REGISTRO:<\/strong><br \/>\nEste modelo lleva un registro en la parte posterior del acorde\u00f3n,<br \/>\nen principio el registro seria la 8\u00aa grave.<\/p>\n<p>Se puede a\u00f1adir m\u00e1s registros, con m\u00e1s variaciones.<br \/>\nEste modelo esta disponible en 4 voces (3 centrales y la 8\u00aa grave).<br \/>\nTiene las mismas caracteristicas que los INPERNUS de 4 voces, notas, botones etc.<\/p>\n<p><span style=\"color: #3366ff\">Gama de colores:<\/span> gris, rojo marmol, negro, azul, marron negro y disco<\/p>\n<p>Consultar la fecha de entrega antes de hacer el pedido.<\/p>\n<p><strong>Precio:<\/strong><\/p>\n<ul>\n<li><strong>Precio:\u00a0<\/strong> 5.100 \u20ac<\/li>\n<li>Pronto pago\u00a0<strong>-15%<\/strong>: 4.335 \u20ac<\/li>\n<\/ul>\n","protected":false},"featured_media":46278,"comment_status":"open","ping_status":"closed","template":"","meta":{"_acf_changed":false},"product_brand":[],"product_cat":[5369],"product_tag":[],"class_list":{"0":"post-46322","1":"product","2":"type-product","3":"status-publish","4":"has-post-thumbnail","6":"product_cat-inpernu-es","8":"first","9":"outofstock","10":"shipping-taxable","11":"purchasable","12":"product-type-simple"},"acf":[],"_links":{"self":[{"href":"https:\/\/tirikitrauki.com\/es\/wp-json\/wp\/v2\/product\/46322","targetHints":{"allow":["GET"]}}],"collection":[{"href":"https:\/\/tirikitrauki.com\/es\/wp-json\/wp\/v2\/product"}],"about":[{"href":"https:\/\/tirikitrauki.com\/es\/wp-json\/wp\/v2\/types\/product"}],"replies":[{"embeddable":true,"href":"https:\/\/tirikitrauki.com\/es\/wp-json\/wp\/v2\/comments?post=46322"}],"wp:featuredmedia":[{"embeddable":true,"href":"https:\/\/tirikitrauki.com\/es\/wp-json\/wp\/v2\/media\/46278"}],"wp:attachment":[{"href":"https:\/\/tirikitrauki.com\/es\/wp-json\/wp\/v2\/media?parent=46322"}],"wp:term":[{"taxonomy":"product_brand","embeddable":true,"href":"https:\/\/tirikitrauki.com\/es\/wp-json\/wp\/v2\/product_brand?post=46322"},{"taxonomy":"product_cat","embeddable":true,"href":"https:\/\/tirikitrauki.com\/es\/wp-json\/wp\/v2\/product_cat?post=46322"},{"taxonomy":"product_tag","embeddable":true,"href":"https:\/\/tirikitrauki.com\/es\/wp-json\/wp\/v2\/product_tag?post=46322"}],"curies":[{"name":"wp","href":"https:\/\/api.w.org\/{rel}","templated":true}]}}