{"id":46195,"date":"2024-04-04T12:13:48","date_gmt":"2024-04-04T11:13:48","guid":{"rendered":"https:\/\/tirikitrauki.com\/?post_type=product&#038;p=46195"},"modified":"2024-04-04T12:14:54","modified_gmt":"2024-04-04T11:14:54","slug":"primi-eta-maurizia","status":"publish","type":"product","link":"https:\/\/tirikitrauki.com\/es\/producto\/primi-eta-maurizia\/","title":{"rendered":"PRIMI eta MAURIZIA"},"content":{"rendered":"","protected":false},"excerpt":{"rendered":"<p>Cuento y videos para aprender el pandero de forma b\u00e1sica.<\/p>\n<p>Hay una romer\u00eda en Urkiola. Primi Erostarbe ha partido en burro. Est\u00e1 ansiosa porque va a tocar el pandero en la romer\u00eda. En el camino, ha hecho una buena amiga: Maurizia Aldeiturriaga. Ella tambi\u00e9n es panderista.<\/p>\n<p>El libro consta de 4 QR en los que se ofrecen 4 v\u00eddeos para aprender el pandero de forma b\u00e1sica, creados por Euskal Herriko Trikitixa Elkartea.<\/p>\n","protected":false},"featured_media":46194,"comment_status":"open","ping_status":"closed","template":"","meta":{"_acf_changed":false},"product_brand":[],"product_cat":[5197],"product_tag":[],"class_list":{"0":"post-46195","1":"product","2":"type-product","3":"status-publish","4":"has-post-thumbnail","6":"product_cat-libros","8":"first","9":"instock","10":"shipping-taxable","11":"purchasable","12":"product-type-simple"},"acf":[],"_links":{"self":[{"href":"https:\/\/tirikitrauki.com\/es\/wp-json\/wp\/v2\/product\/46195","targetHints":{"allow":["GET"]}}],"collection":[{"href":"https:\/\/tirikitrauki.com\/es\/wp-json\/wp\/v2\/product"}],"about":[{"href":"https:\/\/tirikitrauki.com\/es\/wp-json\/wp\/v2\/types\/product"}],"replies":[{"embeddable":true,"href":"https:\/\/tirikitrauki.com\/es\/wp-json\/wp\/v2\/comments?post=46195"}],"wp:featuredmedia":[{"embeddable":true,"href":"https:\/\/tirikitrauki.com\/es\/wp-json\/wp\/v2\/media\/46194"}],"wp:attachment":[{"href":"https:\/\/tirikitrauki.com\/es\/wp-json\/wp\/v2\/media?parent=46195"}],"wp:term":[{"taxonomy":"product_brand","embeddable":true,"href":"https:\/\/tirikitrauki.com\/es\/wp-json\/wp\/v2\/product_brand?post=46195"},{"taxonomy":"product_cat","embeddable":true,"href":"https:\/\/tirikitrauki.com\/es\/wp-json\/wp\/v2\/product_cat?post=46195"},{"taxonomy":"product_tag","embeddable":true,"href":"https:\/\/tirikitrauki.com\/es\/wp-json\/wp\/v2\/product_tag?post=46195"}],"curies":[{"name":"wp","href":"https:\/\/api.w.org\/{rel}","templated":true}]}}