{"id":45561,"date":"2024-03-11T12:14:37","date_gmt":"2024-03-11T11:14:37","guid":{"rendered":"https:\/\/tirikitrauki.com\/?post_type=product&#038;p=45561"},"modified":"2024-04-19T11:00:18","modified_gmt":"2024-04-19T10:00:18","slug":"zero-sette-antiko-4-voces-con-registro","status":"publish","type":"product","link":"https:\/\/tirikitrauki.com\/es\/producto\/zero-sette-antiko-4-voces-con-registro\/","title":{"rendered":"Antiko 4 voces con registro"},"content":{"rendered":"","protected":false},"excerpt":{"rendered":"<p><strong>MODELO ANTIKO CON REGISTRO:<\/strong><br \/>\nEste modelo lleva un registro en la parte posterior del acorde\u00f3n,<br \/>\nen principio el registro seria la 8\u00aa grave.<\/p>\n<p>Se puede a\u00f1adir m\u00e1s registros, con m\u00e1s variaciones.<br \/>\nEste modelo esta disponible en 4 voces (3 centrales y la 8\u00aa grave).<br \/>\nTiene las mismas caracteristicas que los ANTIKOS de 4 voces, notas, botones etc.<\/p>\n<p><span style=\"color: #3366ff\">Gama de colores:<\/span>\u00a0blanco, gris, rojo, rojo marmol, verde, verde marmol, negro, azul, marron, marron negro, marron claro, blanco negro, morado, azul turquesa.<\/p>\n<p>Consultar la fecha de entrega antes de hacer el pedido.<\/p>\n<p><strong>Precio:<\/strong><\/p>\n<ul>\n<li><strong>Precio:\u00a0<\/strong> 4.689 \u20ac<\/li>\n<li>Pronto pago\u00a0<strong>-15%<\/strong>: 3.985 \u20ac<\/li>\n<\/ul>\n","protected":false},"featured_media":45260,"comment_status":"open","ping_status":"closed","template":"","meta":{"_acf_changed":false},"product_brand":[],"product_cat":[5037],"product_tag":[],"class_list":{"0":"post-45561","1":"product","2":"type-product","3":"status-publish","4":"has-post-thumbnail","6":"product_cat-zero-sette-modelo-antiko","8":"first","9":"outofstock","10":"shipping-taxable","11":"purchasable","12":"product-type-simple"},"acf":[],"_links":{"self":[{"href":"https:\/\/tirikitrauki.com\/es\/wp-json\/wp\/v2\/product\/45561","targetHints":{"allow":["GET"]}}],"collection":[{"href":"https:\/\/tirikitrauki.com\/es\/wp-json\/wp\/v2\/product"}],"about":[{"href":"https:\/\/tirikitrauki.com\/es\/wp-json\/wp\/v2\/types\/product"}],"replies":[{"embeddable":true,"href":"https:\/\/tirikitrauki.com\/es\/wp-json\/wp\/v2\/comments?post=45561"}],"wp:featuredmedia":[{"embeddable":true,"href":"https:\/\/tirikitrauki.com\/es\/wp-json\/wp\/v2\/media\/45260"}],"wp:attachment":[{"href":"https:\/\/tirikitrauki.com\/es\/wp-json\/wp\/v2\/media?parent=45561"}],"wp:term":[{"taxonomy":"product_brand","embeddable":true,"href":"https:\/\/tirikitrauki.com\/es\/wp-json\/wp\/v2\/product_brand?post=45561"},{"taxonomy":"product_cat","embeddable":true,"href":"https:\/\/tirikitrauki.com\/es\/wp-json\/wp\/v2\/product_cat?post=45561"},{"taxonomy":"product_tag","embeddable":true,"href":"https:\/\/tirikitrauki.com\/es\/wp-json\/wp\/v2\/product_tag?post=45561"}],"curies":[{"name":"wp","href":"https:\/\/api.w.org\/{rel}","templated":true}]}}