{"id":45536,"date":"2024-03-11T11:53:31","date_gmt":"2024-03-11T10:53:31","guid":{"rendered":"https:\/\/tirikitrauki.com\/?post_type=product&#038;p=45536"},"modified":"2025-11-25T11:12:24","modified_gmt":"2025-11-25T10:12:24","slug":"zero-sette-antiko-4-voces","status":"publish","type":"product","link":"https:\/\/tirikitrauki.com\/es\/producto\/zero-sette-antiko-4-voces\/","title":{"rendered":"Antiko 4 voces"},"content":{"rendered":"","protected":false},"excerpt":{"rendered":"<p>Dise\u00f1o de trikitixa antigua. Tapa met\u00e1lica de lat\u00f3n cromado.<br \/>\nEl sonido se caracteriza por su elevado timbre.<br \/>\nmodelo profesional.<br \/>\n(tambien disponible en 3 voces)<\/p>\n<p><strong>Fabricante:<\/strong>\u00a0Zero Sette<\/p>\n<ul>\n<li><strong>Precio:\u00a0<\/strong> 4.524 \u20ac<\/li>\n<li>Pronto pago\u00a0<strong>-15%<\/strong>: 3.845 \u20ac<\/li>\n<\/ul>\n<p><strong>Descripci\u00f3n:<br \/>\n<\/strong><\/p>\n<ul>\n<li><strong>Derecha:\u00a0<\/strong>4 voces, 23 botones diat\u00f3nicos con 32 notas.<\/li>\n<li><strong>Izquierda :<\/strong>\u00a05 voces, 12 botones crom\u00e1ticos, 6 notas con sus acordes (5 M y 1 m).<\/li>\n<\/ul>\n<p><strong>Leng\u00fcetas<\/strong>: Zero Sette TM.<\/p>\n<p><strong>Medidas:<\/strong><\/p>\n<ul>\n<li>Caja peque\u00f1a: 30&#215;34,5&#215;18,3 cm y 5,200 Kgr.<\/li>\n<\/ul>\n<p>La gama m\u00e1s alta de la Zero Sette.<\/p>\n","protected":false},"featured_media":47920,"comment_status":"open","ping_status":"closed","template":"","meta":{"_acf_changed":false},"product_brand":[],"product_cat":[5037],"product_tag":[],"class_list":{"0":"post-45536","1":"product","2":"type-product","3":"status-publish","4":"has-post-thumbnail","6":"product_cat-zero-sette-modelo-antiko","8":"first","9":"instock","10":"shipping-taxable","11":"purchasable","12":"product-type-simple"},"acf":[],"_links":{"self":[{"href":"https:\/\/tirikitrauki.com\/es\/wp-json\/wp\/v2\/product\/45536","targetHints":{"allow":["GET"]}}],"collection":[{"href":"https:\/\/tirikitrauki.com\/es\/wp-json\/wp\/v2\/product"}],"about":[{"href":"https:\/\/tirikitrauki.com\/es\/wp-json\/wp\/v2\/types\/product"}],"replies":[{"embeddable":true,"href":"https:\/\/tirikitrauki.com\/es\/wp-json\/wp\/v2\/comments?post=45536"}],"wp:featuredmedia":[{"embeddable":true,"href":"https:\/\/tirikitrauki.com\/es\/wp-json\/wp\/v2\/media\/47920"}],"wp:attachment":[{"href":"https:\/\/tirikitrauki.com\/es\/wp-json\/wp\/v2\/media?parent=45536"}],"wp:term":[{"taxonomy":"product_brand","embeddable":true,"href":"https:\/\/tirikitrauki.com\/es\/wp-json\/wp\/v2\/product_brand?post=45536"},{"taxonomy":"product_cat","embeddable":true,"href":"https:\/\/tirikitrauki.com\/es\/wp-json\/wp\/v2\/product_cat?post=45536"},{"taxonomy":"product_tag","embeddable":true,"href":"https:\/\/tirikitrauki.com\/es\/wp-json\/wp\/v2\/product_tag?post=45536"}],"curies":[{"name":"wp","href":"https:\/\/api.w.org\/{rel}","templated":true}]}}