{"id":45513,"date":"2024-03-08T10:16:19","date_gmt":"2024-03-08T09:16:19","guid":{"rendered":"https:\/\/tirikitrauki.com\/?post_type=product&#038;p=45513"},"modified":"2025-11-25T11:11:16","modified_gmt":"2025-11-25T10:11:16","slug":"zero-sette-antiko-3-voces","status":"publish","type":"product","link":"https:\/\/tirikitrauki.com\/es\/producto\/zero-sette-antiko-3-voces\/","title":{"rendered":"Antiko 3 voces"},"content":{"rendered":"","protected":false},"excerpt":{"rendered":"<p>Dise\u00f1o de trikitixa antigua, tapa met\u00e1lica de lat\u00f3n cromado.<br \/>\nEl sonido se caracteriza por su elevado timbre.<br \/>\nModelo prifesional.<br \/>\n(tambien disponible en 4 voces)<\/p>\n<p><strong>Fabricante:<\/strong>\u00a0Zero Sette<\/p>\n<p><strong>Precio:<\/strong> 4.377 \u20ac<br \/>\nPronto pago\u00a0<strong>-15%<\/strong>:\u00a0<span style=\"font-family: Arial\">3.720<\/span> \u20ac<\/p>\n<p><strong>Descripci\u00f3n:<br \/>\nDerecha:<\/strong><br \/>\n3 voces<br \/>\n23 botones diat\u00f3nicos con 32 notas.<\/p>\n<p><strong>Izquierda :<\/strong><br \/>\n5 voces<br \/>\n12 botones crom\u00e1ticos<br \/>\n6 notas con sus acordes (5 M y 1 m).<\/p>\n<p><strong>Leng\u00fcetas:<\/strong>\u00a0Zero Sette TM.<\/p>\n<p><strong>Medidas:<\/strong>\u00a030&#215;34,5&#215;18,3 cm y 4,950 Kgr.<br \/>\nLa gama m\u00e1s alta de la Zero Sette.<\/p>\n","protected":false},"featured_media":45242,"comment_status":"open","ping_status":"closed","template":"","meta":{"_acf_changed":false},"product_brand":[],"product_cat":[5037],"product_tag":[],"class_list":{"0":"post-45513","1":"product","2":"type-product","3":"status-publish","4":"has-post-thumbnail","6":"product_cat-zero-sette-modelo-antiko","8":"first","9":"outofstock","10":"shipping-taxable","11":"purchasable","12":"product-type-simple"},"acf":[],"_links":{"self":[{"href":"https:\/\/tirikitrauki.com\/es\/wp-json\/wp\/v2\/product\/45513","targetHints":{"allow":["GET"]}}],"collection":[{"href":"https:\/\/tirikitrauki.com\/es\/wp-json\/wp\/v2\/product"}],"about":[{"href":"https:\/\/tirikitrauki.com\/es\/wp-json\/wp\/v2\/types\/product"}],"replies":[{"embeddable":true,"href":"https:\/\/tirikitrauki.com\/es\/wp-json\/wp\/v2\/comments?post=45513"}],"wp:featuredmedia":[{"embeddable":true,"href":"https:\/\/tirikitrauki.com\/es\/wp-json\/wp\/v2\/media\/45242"}],"wp:attachment":[{"href":"https:\/\/tirikitrauki.com\/es\/wp-json\/wp\/v2\/media?parent=45513"}],"wp:term":[{"taxonomy":"product_brand","embeddable":true,"href":"https:\/\/tirikitrauki.com\/es\/wp-json\/wp\/v2\/product_brand?post=45513"},{"taxonomy":"product_cat","embeddable":true,"href":"https:\/\/tirikitrauki.com\/es\/wp-json\/wp\/v2\/product_cat?post=45513"},{"taxonomy":"product_tag","embeddable":true,"href":"https:\/\/tirikitrauki.com\/es\/wp-json\/wp\/v2\/product_tag?post=45513"}],"curies":[{"name":"wp","href":"https:\/\/api.w.org\/{rel}","templated":true}]}}