{"id":45512,"date":"2024-02-12T16:48:52","date_gmt":"2024-02-12T15:48:52","guid":{"rendered":"https:\/\/tirikitrauki.com\/?post_type=product&#038;p=45512"},"modified":"2024-04-19T10:59:02","modified_gmt":"2024-04-19T09:59:02","slug":"zero-sette-4-voces-con-registro","status":"publish","type":"product","link":"https:\/\/tirikitrauki.com\/es\/producto\/zero-sette-4-voces-con-registro\/","title":{"rendered":"4 voces con registro"},"content":{"rendered":"","protected":false},"excerpt":{"rendered":"<p>Modelo de 4 voces profesional con registro.<br \/>\n<strong>Fabricante:<\/strong>\u00a0Zero Sette<\/p>\n<ul>\n<li><strong>Precio:\u00a0<\/strong>3.483 \u20ac<\/li>\n<li>Pronto pago-<strong>15%<\/strong>: 2.960 \u20ac<\/li>\n<\/ul>\n<p><strong>Descripci\u00f3n:<\/strong><\/p>\n<ul>\n<li><strong>Derecha :\u00a0<\/strong>4 voces (3 m\u00e1s 1 octava grave).El registro est\u00e1 situado en la parte posterior de los botones.23 botones diat\u00f3nicos con 32 notas.<\/li>\n<li><strong>Izquierda :<\/strong>\u00a05 voces, 12 botones crom\u00e1ticos, 6 notas con sus acordes (5 M y 1 m)<\/li>\n<\/ul>\n<p><strong>Leng\u00fcetas:<\/strong>\u00a0Zero Sette TM.<br \/>\n<strong>Medidas:<\/strong>\u00a030&#215;34,5&#215;18,3 cm y 5,200 Kg.<\/p>\n<p>En cualquier color.<br \/>\nANTES DE HACER EL PEDIDO CONSULTAR CON LA TIENDA, PARA SABER EL PLAZO DE ENTREGA<\/p>\n","protected":false},"featured_media":41951,"comment_status":"open","ping_status":"closed","template":"","meta":{"_acf_changed":false},"product_brand":[],"product_cat":[5035],"product_tag":[],"class_list":{"0":"post-45512","1":"product","2":"type-product","3":"status-publish","4":"has-post-thumbnail","6":"product_cat-trikitixa-zero-sette","8":"first","9":"outofstock","10":"shipping-taxable","11":"purchasable","12":"product-type-simple"},"acf":[],"_links":{"self":[{"href":"https:\/\/tirikitrauki.com\/es\/wp-json\/wp\/v2\/product\/45512","targetHints":{"allow":["GET"]}}],"collection":[{"href":"https:\/\/tirikitrauki.com\/es\/wp-json\/wp\/v2\/product"}],"about":[{"href":"https:\/\/tirikitrauki.com\/es\/wp-json\/wp\/v2\/types\/product"}],"replies":[{"embeddable":true,"href":"https:\/\/tirikitrauki.com\/es\/wp-json\/wp\/v2\/comments?post=45512"}],"wp:featuredmedia":[{"embeddable":true,"href":"https:\/\/tirikitrauki.com\/es\/wp-json\/wp\/v2\/media\/41951"}],"wp:attachment":[{"href":"https:\/\/tirikitrauki.com\/es\/wp-json\/wp\/v2\/media?parent=45512"}],"wp:term":[{"taxonomy":"product_brand","embeddable":true,"href":"https:\/\/tirikitrauki.com\/es\/wp-json\/wp\/v2\/product_brand?post=45512"},{"taxonomy":"product_cat","embeddable":true,"href":"https:\/\/tirikitrauki.com\/es\/wp-json\/wp\/v2\/product_cat?post=45512"},{"taxonomy":"product_tag","embeddable":true,"href":"https:\/\/tirikitrauki.com\/es\/wp-json\/wp\/v2\/product_tag?post=45512"}],"curies":[{"name":"wp","href":"https:\/\/api.w.org\/{rel}","templated":true}]}}