{"id":43217,"date":"2022-10-10T13:33:09","date_gmt":"2022-10-10T12:33:09","guid":{"rendered":"https:\/\/tirikitrauki.com\/produktua\/castagnaro-diatonico\/"},"modified":"2024-09-10T16:16:16","modified_gmt":"2024-09-10T15:16:16","slug":"castagnaro-diatonico","status":"publish","type":"product","link":"https:\/\/tirikitrauki.com\/es\/producto\/castagnaro-diatonico\/","title":{"rendered":"Castagnari modelo Lilly"},"content":{"rendered":"<p>Modelo LILLY.<\/p>\n","protected":false},"excerpt":{"rendered":"<p><strong>ALQUILER DE DIATONICAS: <\/strong><\/p>\n<p>Tono a elegir Sol-Do, Castagnari sistema estandar o Catal\u00e1n.<\/p>\n<p>Alquiler m\u00ednimo de 3 meses.<\/p>\n<p>Diat\u00f3nica Castagnari modelo Lillyde 1 VOZ: MENSUAL\u00a0 \u00a030 \u20ac<\/p>\n<p>Opci\u00f3n de compra despu\u00e9s del alquiler:<br \/>\ndependiendo el modelo a comprar, un ejemplo con el modelo <a href=\"https:\/\/tirikitrauki.com\/es\/producto\/castagnari-lilly-2\/\" target=\"_blank\" rel=\"noopener\">lilly Castagnari<\/a>.<\/p>\n<p><strong>3 meses: <\/strong><br \/>\n&#8211; 15% de descuento por el pago al contado.<br \/>\n&#8211; Y se descuentan los \u201c90 \u20ac \u00bb pagados del alquiler.<\/p>\n<p><strong>6 meses: <\/strong><br \/>\n&#8211; 8 % de descuento por el pago al contado.<br \/>\n&#8211; Y se descuentan los \u201c 180 \u20ac \u201d pagados del alquiler.<\/p>\n<p><strong>12 meses: <\/strong><br \/>\n&#8211; No hay descuento por el pago al contado.<br \/>\n&#8211; Se descuentan los \u201c360 \u20ac \u201d pagados del alquiler.<\/p>\n<p><strong>A partir del onceavo mes:<\/strong><\/p>\n<p>&#8211; Se descontar\u00e1n los 12, 13 etc. primeros meses pagados del alquiler,<br \/>\ndependiendo del modelo a comprar, el resto no se descontara.<\/p>\n<p>Forma de pago del alquiler:<br \/>\n\u201cTirikitrauki\u201d se hace cargo de pasar el recibo mensualmente.<br \/>\nPara ello de antemano el cliente nos deber\u00e1 facilitar sus datos.<\/p>\n<p>Nota: En el periodo del alquiler, los desperfectos ocasionados al acorde\u00f3n ( golpes, pintadas, etc..) ir\u00e1n a cuenta del usuario.<\/p>\n<p>Para obtener m\u00e1s informaci\u00f3n sobre el alquiler, llamar al tel\u00e9fono 943-372817.<\/p>\n","protected":false},"featured_media":43215,"comment_status":"closed","ping_status":"closed","template":"","meta":{"_acf_changed":false},"product_brand":[],"product_cat":[5093],"product_tag":[],"class_list":{"0":"post-43217","1":"product","2":"type-product","3":"status-publish","4":"has-post-thumbnail","6":"product_cat-diatonico-modelo-studio-y-lilly","8":"first","9":"outofstock","10":"shipping-taxable","11":"purchasable","12":"product-type-simple"},"acf":[],"_links":{"self":[{"href":"https:\/\/tirikitrauki.com\/es\/wp-json\/wp\/v2\/product\/43217","targetHints":{"allow":["GET"]}}],"collection":[{"href":"https:\/\/tirikitrauki.com\/es\/wp-json\/wp\/v2\/product"}],"about":[{"href":"https:\/\/tirikitrauki.com\/es\/wp-json\/wp\/v2\/types\/product"}],"replies":[{"embeddable":true,"href":"https:\/\/tirikitrauki.com\/es\/wp-json\/wp\/v2\/comments?post=43217"}],"wp:featuredmedia":[{"embeddable":true,"href":"https:\/\/tirikitrauki.com\/es\/wp-json\/wp\/v2\/media\/43215"}],"wp:attachment":[{"href":"https:\/\/tirikitrauki.com\/es\/wp-json\/wp\/v2\/media?parent=43217"}],"wp:term":[{"taxonomy":"product_brand","embeddable":true,"href":"https:\/\/tirikitrauki.com\/es\/wp-json\/wp\/v2\/product_brand?post=43217"},{"taxonomy":"product_cat","embeddable":true,"href":"https:\/\/tirikitrauki.com\/es\/wp-json\/wp\/v2\/product_cat?post=43217"},{"taxonomy":"product_tag","embeddable":true,"href":"https:\/\/tirikitrauki.com\/es\/wp-json\/wp\/v2\/product_tag?post=43217"}],"curies":[{"name":"wp","href":"https:\/\/api.w.org\/{rel}","templated":true}]}}