{"id":42717,"date":"2022-10-10T13:30:12","date_gmt":"2022-10-10T12:30:12","guid":{"rendered":"https:\/\/tirikitrauki.com\/produktua\/metodo-con-numeros-para-trikitixa-2\/"},"modified":"2022-10-10T13:30:12","modified_gmt":"2022-10-10T12:30:12","slug":"metodo-con-numeros-para-trikitixa-2","status":"publish","type":"product","link":"https:\/\/tirikitrauki.com\/es\/producto\/metodo-con-numeros-para-trikitixa-2\/","title":{"rendered":"M\u00e9todo con n\u00fameros para trikitixa 2."},"content":{"rendered":"<p>M\u00e9todo con n\u00fameros para trikitixa 2.<\/p>\n","protected":false},"excerpt":{"rendered":"<p>Metodo para trikitixa con n&uacute;meros.<\/p>\n<p>50 canciones con sus letras.<\/p>\n","protected":false},"featured_media":42714,"comment_status":"closed","ping_status":"closed","template":"","meta":{"_acf_changed":false},"product_brand":[],"product_cat":[5201],"product_tag":[],"class_list":{"0":"post-42717","1":"product","2":"type-product","3":"status-publish","4":"has-post-thumbnail","6":"product_cat-metodos-y-partituras-para-trikitixa","8":"first","9":"instock","10":"shipping-taxable","11":"purchasable","12":"product-type-simple"},"acf":[],"_links":{"self":[{"href":"https:\/\/tirikitrauki.com\/es\/wp-json\/wp\/v2\/product\/42717","targetHints":{"allow":["GET"]}}],"collection":[{"href":"https:\/\/tirikitrauki.com\/es\/wp-json\/wp\/v2\/product"}],"about":[{"href":"https:\/\/tirikitrauki.com\/es\/wp-json\/wp\/v2\/types\/product"}],"replies":[{"embeddable":true,"href":"https:\/\/tirikitrauki.com\/es\/wp-json\/wp\/v2\/comments?post=42717"}],"wp:featuredmedia":[{"embeddable":true,"href":"https:\/\/tirikitrauki.com\/es\/wp-json\/wp\/v2\/media\/42714"}],"wp:attachment":[{"href":"https:\/\/tirikitrauki.com\/es\/wp-json\/wp\/v2\/media?parent=42717"}],"wp:term":[{"taxonomy":"product_brand","embeddable":true,"href":"https:\/\/tirikitrauki.com\/es\/wp-json\/wp\/v2\/product_brand?post=42717"},{"taxonomy":"product_cat","embeddable":true,"href":"https:\/\/tirikitrauki.com\/es\/wp-json\/wp\/v2\/product_cat?post=42717"},{"taxonomy":"product_tag","embeddable":true,"href":"https:\/\/tirikitrauki.com\/es\/wp-json\/wp\/v2\/product_tag?post=42717"}],"curies":[{"name":"wp","href":"https:\/\/api.w.org\/{rel}","templated":true}]}}