{"id":42709,"date":"2022-10-10T13:30:10","date_gmt":"2022-10-10T12:30:10","guid":{"rendered":"https:\/\/tirikitrauki.com\/produktua\/metodo-con-numeros-para-trikitixa-1\/"},"modified":"2022-10-10T13:30:10","modified_gmt":"2022-10-10T12:30:10","slug":"metodo-con-numeros-para-trikitixa-1","status":"publish","type":"product","link":"https:\/\/tirikitrauki.com\/es\/producto\/metodo-con-numeros-para-trikitixa-1\/","title":{"rendered":"M\u00e9todo con n\u00fameros para trikitixa 1."},"content":{"rendered":"<p>M\u00e9todo con n\u00fameros para trikitixa 1.<\/p>\n","protected":false},"excerpt":{"rendered":"<p>M&eacute;todo para trikitixa con n&uacute;meros.<\/p>\n<p>Ejercicios y 50 canciones con sus letras<\/p>\n<p>Opci&oacute;n de CD (12 &euro;)<\/p>\n","protected":false},"featured_media":42707,"comment_status":"closed","ping_status":"closed","template":"","meta":{"_acf_changed":false},"product_brand":[],"product_cat":[5201],"product_tag":[],"class_list":{"0":"post-42709","1":"product","2":"type-product","3":"status-publish","4":"has-post-thumbnail","6":"product_cat-metodos-y-partituras-para-trikitixa","8":"first","9":"instock","10":"shipping-taxable","11":"purchasable","12":"product-type-simple"},"acf":[],"_links":{"self":[{"href":"https:\/\/tirikitrauki.com\/es\/wp-json\/wp\/v2\/product\/42709","targetHints":{"allow":["GET"]}}],"collection":[{"href":"https:\/\/tirikitrauki.com\/es\/wp-json\/wp\/v2\/product"}],"about":[{"href":"https:\/\/tirikitrauki.com\/es\/wp-json\/wp\/v2\/types\/product"}],"replies":[{"embeddable":true,"href":"https:\/\/tirikitrauki.com\/es\/wp-json\/wp\/v2\/comments?post=42709"}],"wp:featuredmedia":[{"embeddable":true,"href":"https:\/\/tirikitrauki.com\/es\/wp-json\/wp\/v2\/media\/42707"}],"wp:attachment":[{"href":"https:\/\/tirikitrauki.com\/es\/wp-json\/wp\/v2\/media?parent=42709"}],"wp:term":[{"taxonomy":"product_brand","embeddable":true,"href":"https:\/\/tirikitrauki.com\/es\/wp-json\/wp\/v2\/product_brand?post=42709"},{"taxonomy":"product_cat","embeddable":true,"href":"https:\/\/tirikitrauki.com\/es\/wp-json\/wp\/v2\/product_cat?post=42709"},{"taxonomy":"product_tag","embeddable":true,"href":"https:\/\/tirikitrauki.com\/es\/wp-json\/wp\/v2\/product_tag?post=42709"}],"curies":[{"name":"wp","href":"https:\/\/api.w.org\/{rel}","templated":true}]}}