{"id":41773,"date":"2022-10-10T13:26:21","date_gmt":"2022-10-10T12:26:21","guid":{"rendered":"https:\/\/tirikitrauki.com\/produktua\/castagnari-melodeon-2\/"},"modified":"2025-10-03T11:39:59","modified_gmt":"2025-10-03T10:39:59","slug":"castagnari-melodeon-2","status":"publish","type":"product","link":"https:\/\/tirikitrauki.com\/es\/producto\/castagnari-melodeon-2\/","title":{"rendered":"Castagnari Mel\u00f3de\u00f3n"},"content":{"rendered":"<p>Mel\u00f3de\u00f3n<\/p>\n","protected":false},"excerpt":{"rendered":"<p><strong>Fabricante:<\/strong> Castagnari<\/p>\n<p><strong>Precio: <\/strong><br \/>\n2 a\u00f1os: 3.325 \u20ac<br \/>\nPronto pago: 2.860 \u20ac<\/p>\n<p><strong>Descripci\u00f3n:<br \/>\nDerecha: <\/strong><br \/>\nFilas: 1<br \/>\nBotones: 10<br \/>\nVoces: 4<br \/>\nRegistros: 4<\/p>\n<p><strong>Izquierda:<\/strong><br \/>\nBajos: 2<br \/>\nVoces: 3<br \/>\nregistro: 0<\/p>\n<p><strong>Calidad de voces:<\/strong> T.M<br \/>\n<strong>Madera:<\/strong> Negro.<br \/>\n<strong>Peso:<\/strong> 2,300 kg<br \/>\n<strong>Dimensi\u00f3n:<\/strong> 25 x 14 cm.<\/p>\n<p>Consultar el tiempo de espera, antes de hacer el pedido.<\/p>\n","protected":false},"featured_media":41771,"comment_status":"closed","ping_status":"closed","template":"","meta":{"_acf_changed":false},"product_brand":[],"product_cat":[5079],"product_tag":[],"class_list":{"0":"post-41773","1":"product","2":"type-product","3":"status-publish","4":"has-post-thumbnail","6":"product_cat-formato-pequeno","8":"first","9":"outofstock","10":"shipping-taxable","11":"purchasable","12":"product-type-simple"},"acf":[],"_links":{"self":[{"href":"https:\/\/tirikitrauki.com\/es\/wp-json\/wp\/v2\/product\/41773","targetHints":{"allow":["GET"]}}],"collection":[{"href":"https:\/\/tirikitrauki.com\/es\/wp-json\/wp\/v2\/product"}],"about":[{"href":"https:\/\/tirikitrauki.com\/es\/wp-json\/wp\/v2\/types\/product"}],"replies":[{"embeddable":true,"href":"https:\/\/tirikitrauki.com\/es\/wp-json\/wp\/v2\/comments?post=41773"}],"wp:featuredmedia":[{"embeddable":true,"href":"https:\/\/tirikitrauki.com\/es\/wp-json\/wp\/v2\/media\/41771"}],"wp:attachment":[{"href":"https:\/\/tirikitrauki.com\/es\/wp-json\/wp\/v2\/media?parent=41773"}],"wp:term":[{"taxonomy":"product_brand","embeddable":true,"href":"https:\/\/tirikitrauki.com\/es\/wp-json\/wp\/v2\/product_brand?post=41773"},{"taxonomy":"product_cat","embeddable":true,"href":"https:\/\/tirikitrauki.com\/es\/wp-json\/wp\/v2\/product_cat?post=41773"},{"taxonomy":"product_tag","embeddable":true,"href":"https:\/\/tirikitrauki.com\/es\/wp-json\/wp\/v2\/product_tag?post=41773"}],"curies":[{"name":"wp","href":"https:\/\/api.w.org\/{rel}","templated":true}]}}