{"id":41413,"date":"2022-10-10T13:25:05","date_gmt":"2022-10-10T12:25:05","guid":{"rendered":"https:\/\/tirikitrauki.com\/produktua\/zero-sette-modelo-b-14c\/"},"modified":"2024-09-10T16:27:13","modified_gmt":"2024-09-10T15:27:13","slug":"zero-sette-modelo-b-14c","status":"publish","type":"product","link":"https:\/\/tirikitrauki.com\/es\/producto\/zero-sette-modelo-b-14c\/","title":{"rendered":"Zero Sette modelo B-14c."},"content":{"rendered":"<p>120 bajos reducido.<\/p>\n","protected":false},"excerpt":{"rendered":"<p>ALQUILER DE ACORDEONES:<br \/>\nSe alquilan todo tipo de acordeones de iniciaci\u00f3n. E aqu\u00ed un ejemplo.<br \/>\nAlquiler m\u00ednimo de 3 meses.<br \/>\nModelo B-14 C o similar para estudiantes, ense\u00f1anza estandar <a href=\"https:\/\/tirikitrauki.com\/es\/producto\/zero-sette-b-14c-red\/\" target=\"_blank\" rel=\"noopener\">CARACTERISTICAS.<\/a><br \/>\nB 14 C reducido (estandar)&#8230;&#8230;&#8230;&#8230;&#8230;&#8230;&#8230;&#8230;&#8230;&#8230;&#8230;&#8230;&#8230;&#8230;&#8230;&#8230;&#8230;MENSUAL 45 \u20ac<br \/>\nOpci\u00f3n de compra despu\u00e9s del alquiler:<\/p>\n<p>3 meses:<br \/>\n&#8211; 15% de descuento por el pago al contado.<br \/>\n&#8211; Y se descuentan los 135 \u20ac pagados del alquiler.<\/p>\n<p>6 meses:<br \/>\n&#8211; 10,50% de descuento por el pago al contado.<br \/>\n&#8211; Y se descuentan los 270 \u20ac pagados del alquiler.<\/p>\n<p>15 meses:<br \/>\n&#8211; Se descuentan los 675 \u20ac pagados del alquiler.<\/p>\n<p>A partir del doceavo mes:<br \/>\n&#8211; Se descontar\u00e1n los 15 primeros meses 675 \u20ac\u201d pagados del alquiler.<br \/>\nLos alquileres del doceavo mes en adelante, no se descontar\u00e1n.<\/p>\n<p>Forma de pago del alquiler:<br \/>\n\u201cTirikitrauki\u201d se hace cargo de pasar el recibo mensualmente. Para ello de antemano el cliente nos deber\u00e1 facilitar sus datos.<\/p>\n<p>Nota: En el periodo del alquiler, los desperfectos ocasionados a la acoede\u00f3n ( golpes, pintadas, etc..) ir\u00e1n a cuenta del usuario.<\/p>\n<p>Para obtener m\u00e1s informaci\u00f3n sobre el alquiler, llamar al tel\u00e9fono 943-372817.<\/p>\n","protected":false},"featured_media":41587,"comment_status":"closed","ping_status":"closed","template":"","meta":{"_acf_changed":false},"product_brand":[],"product_cat":[5091],"product_tag":[],"class_list":{"0":"post-41413","1":"product","2":"type-product","3":"status-publish","4":"has-post-thumbnail","6":"product_cat-acordeones-2","8":"first","9":"outofstock","10":"shipping-taxable","11":"purchasable","12":"product-type-simple"},"acf":[],"_links":{"self":[{"href":"https:\/\/tirikitrauki.com\/es\/wp-json\/wp\/v2\/product\/41413","targetHints":{"allow":["GET"]}}],"collection":[{"href":"https:\/\/tirikitrauki.com\/es\/wp-json\/wp\/v2\/product"}],"about":[{"href":"https:\/\/tirikitrauki.com\/es\/wp-json\/wp\/v2\/types\/product"}],"replies":[{"embeddable":true,"href":"https:\/\/tirikitrauki.com\/es\/wp-json\/wp\/v2\/comments?post=41413"}],"wp:featuredmedia":[{"embeddable":true,"href":"https:\/\/tirikitrauki.com\/es\/wp-json\/wp\/v2\/media\/41587"}],"wp:attachment":[{"href":"https:\/\/tirikitrauki.com\/es\/wp-json\/wp\/v2\/media?parent=41413"}],"wp:term":[{"taxonomy":"product_brand","embeddable":true,"href":"https:\/\/tirikitrauki.com\/es\/wp-json\/wp\/v2\/product_brand?post=41413"},{"taxonomy":"product_cat","embeddable":true,"href":"https:\/\/tirikitrauki.com\/es\/wp-json\/wp\/v2\/product_cat?post=41413"},{"taxonomy":"product_tag","embeddable":true,"href":"https:\/\/tirikitrauki.com\/es\/wp-json\/wp\/v2\/product_tag?post=41413"}],"curies":[{"name":"wp","href":"https:\/\/api.w.org\/{rel}","templated":true}]}}