{"id":41409,"date":"2022-10-10T13:25:04","date_gmt":"2022-10-10T12:25:04","guid":{"rendered":"https:\/\/tirikitrauki.com\/produktua\/trikitixa-2\/"},"modified":"2024-09-10T16:22:43","modified_gmt":"2024-09-10T15:22:43","slug":"trikitixa-2","status":"publish","type":"product","link":"https:\/\/tirikitrauki.com\/es\/producto\/trikitixa-2\/","title":{"rendered":"Trikitixa."},"content":{"rendered":"<p>2, 3 y 4 voces.<\/p>\n","protected":false},"excerpt":{"rendered":"<p>ALQUILER DE TRIKITIXAS<br \/>\nAlquiler m\u00ednimo de 3 meses.<\/p>\n<p>Trikitixa de 2, 3 \u00f3 4 VOCES (tonalidad Sib): MENSUAL &#8230;&#8230;&#8230;&#8230;&#8230;&#8230;.. 39 \u20ac<\/p>\n<p>Para alquilar otro tono que no sea el Sib, preguntar en tienda.<\/p>\n<p>Opci\u00f3n de compra de una trikitixa nueva\u00a0despu\u00e9s del alquiler (tonalidad Sib):<br \/>\ndependiendo el modelo a comprar, un ejemplo con la de <a href=\"https:\/\/tirikitrauki.com\/es\/producto\/zero-sette-3-voces-para-estudiante\/\" target=\"_blank\" rel=\"noopener\">3 voces estudiante<\/a>.<\/p>\n<p>3 meses:<br \/>\n&#8211; 15% de descuento por el pago al contado.<br \/>\n&#8211; Y se descuentan los \u201c117 \u20ac \u00bb pagados del alquiler.<\/p>\n<p>6 meses:<br \/>\n&#8211; 8% de descuento por el pago al contado y se descuentan los \u201c234 \u20ac \u201d pagados del alquiler.<\/p>\n<p>13 meses:<br \/>\n&#8211; No hay descuento por el pago al contado.<br \/>\n&#8211; Se descuentan los \u201c507 \u20ac \u201d pagados del alquiler.<\/p>\n<p>A partir del doceavo mes:<\/p>\n<p>&#8211; Se descontar\u00e1n los 13, 15 o 17 primeros meses pagados del alquiler,<br \/>\ndependiendo del modelo a comprar, el resto no se descontara.<\/p>\n<p>Forma de pago del alquiler:<br \/>\n\u201cTirikitrauki\u201d se hace cargo de pasar el recibo mensualmente.<br \/>\nPara ello de antemano el cliente nos deber\u00e1 facilitar sus datos.<\/p>\n<p>Opci\u00f3n de compra de una <strong>trikitixa\u00a0de segunda mano<\/strong>\u00a0despu\u00e9s del alquiler: s\u00f3lo se descontar\u00e1n los tres primeros meses de alquiler \u00ab117 \u20ac\u00bb<\/p>\n<p>Nota: En el periodo del alquiler, los desperfectos ocasionados a la trikitixa ( golpes, pintadas, etc..) ir\u00e1n a cuenta del usuario.<\/p>\n<p>Para obtener m\u00e1s informaci\u00f3n sobre el alquiler, llamar al tel\u00e9fono 943-372817.<\/p>\n","protected":false},"featured_media":45359,"comment_status":"closed","ping_status":"closed","template":"","meta":{"_acf_changed":false},"product_brand":[],"product_cat":[5089],"product_tag":[],"class_list":{"0":"post-41409","1":"product","2":"type-product","3":"status-publish","4":"has-post-thumbnail","6":"product_cat-trikitixa-2","8":"first","9":"outofstock","10":"shipping-taxable","11":"purchasable","12":"product-type-simple"},"acf":[],"_links":{"self":[{"href":"https:\/\/tirikitrauki.com\/es\/wp-json\/wp\/v2\/product\/41409","targetHints":{"allow":["GET"]}}],"collection":[{"href":"https:\/\/tirikitrauki.com\/es\/wp-json\/wp\/v2\/product"}],"about":[{"href":"https:\/\/tirikitrauki.com\/es\/wp-json\/wp\/v2\/types\/product"}],"replies":[{"embeddable":true,"href":"https:\/\/tirikitrauki.com\/es\/wp-json\/wp\/v2\/comments?post=41409"}],"wp:featuredmedia":[{"embeddable":true,"href":"https:\/\/tirikitrauki.com\/es\/wp-json\/wp\/v2\/media\/45359"}],"wp:attachment":[{"href":"https:\/\/tirikitrauki.com\/es\/wp-json\/wp\/v2\/media?parent=41409"}],"wp:term":[{"taxonomy":"product_brand","embeddable":true,"href":"https:\/\/tirikitrauki.com\/es\/wp-json\/wp\/v2\/product_brand?post=41409"},{"taxonomy":"product_cat","embeddable":true,"href":"https:\/\/tirikitrauki.com\/es\/wp-json\/wp\/v2\/product_cat?post=41409"},{"taxonomy":"product_tag","embeddable":true,"href":"https:\/\/tirikitrauki.com\/es\/wp-json\/wp\/v2\/product_tag?post=41409"}],"curies":[{"name":"wp","href":"https:\/\/api.w.org\/{rel}","templated":true}]}}