{"id":44770,"date":"2022-08-31T07:36:51","date_gmt":"2022-08-31T06:36:51","guid":{"rendered":"https:\/\/tirikitrauki.com\/?page_id=44770"},"modified":"2024-09-30T10:03:20","modified_gmt":"2024-09-30T09:03:20","slug":"azala","status":"publish","type":"page","link":"https:\/\/tirikitrauki.com\/es\/","title":{"rendered":"Inicio"},"content":{"rendered":"<section class=\"l-section wpb_row height_auto\"><div class=\"l-section-h i-cf\"><div class=\"g-cols vc_row via_flex valign_top type_default stacking_default\"><div class=\"vc_col-sm-12 wpb_column vc_column_container\"><div class=\"vc_column-inner\"><div class=\"wpb_wrapper\">[vc_raw_html]JTVCdGlyaWtpdHJhdWtpLW9wb3JyYWslNUQ=[\/vc_raw_html]<\/div><\/div><\/div><\/div><\/div><\/section><section class=\"l-section wpb_row us_custom_62ae70d1 height_medium\"><div class=\"l-section-h i-cf\"><div class=\"g-cols vc_row via_flex valign_top type_default stacking_default\"><div class=\"vc_col-sm-12 wpb_column vc_column_container\"><div class=\"vc_column-inner us_custom_d046e22c\"><div class=\"wpb_wrapper\"><div class=\"w-hwrapper valign_middle wrap align_justify\"><div class=\"wpb_text_column us_custom_3bf87244\"><div class=\"wpb_wrapper\"><p>La tienda Tirikitrauki se abri\u00f3 en el a\u00f1o 1.998, aunque ya est\u00e1bamos en el sector de antes.<br \/>\nNuestra especialidad es el mundo del acorde\u00f3n en todos sus tipos (diat\u00f3nicas, crom\u00e1ticas, piano, trikitixas etc.).<br \/>\nSomos distribuidores de tres marcas de acordeones, \u00abZero Sette\u00bb , Armando Bugari, \u00abPier \u00a0Maria\u00bb y \u00abCastagnari\u00bb.<br \/>\nAqu\u00ed encontrar\u00e1s acordeones nuevos y de segunda mano. Y un sistema interesante de alquiler.<\/p>\n<\/div><\/div><div class=\"w-vwrapper us_custom_d808f8df align_none valign_top\"><h2 class=\"w-text\"><span class=\"w-text-h\"><span class=\"w-text-value\">Horario:<\/span><\/span><\/h2><div class=\"wpb_text_column\"><div class=\"wpb_wrapper\"><p class=\"grixa\">De Lunes a Viernes<br \/>\nMa\u00f1ana: 10:00 &#8211; 13:30<br \/>\nTarde: 16:00-19:30<br \/>\nS\u00e1bados a la ma\u00f1ana: 10:00 &#8211; 13:30<br \/>\n<strong>Agosto cerrado<\/strong><\/p>\n<\/div><\/div><div class=\"w-image us_custom_2ced350f has_height align_none\"><div class=\"w-image-h\"><img decoding=\"async\" width=\"1024\" height=\"1024\" src=\"https:\/\/tirikitrauki.com\/wp-content\/uploads\/2022\/08\/clock-solid.svg\" class=\"attachment-large size-large\" alt=\"ordutegia\" loading=\"lazy\" \/><\/div><\/div><\/div><\/div><div class=\"w-hwrapper us_custom_70857771 valign_top wrap align_justify\" style=\"--hwrapper-gap:0\"><div class=\"wpb_text_column us_custom_0bcdd7e1\"><div class=\"wpb_wrapper\"><p>Para cualquier consulta no dudes en llamar e intentaremos aclarar tus dudas, o si lo prefieres, puedes acercarte a nuestra tienda.<\/p>\n<\/div><\/div><div class=\"w-vwrapper us_custom_0bcdd7e1 align_none valign_top\"><div class=\"w-btn-wrapper align_none\"><a class=\"w-btn us-btn-style_7 icon_atleft\" href=\"#\"><i class=\"fas fa-mobile-android-alt\"><\/i><span class=\"w-btn-label\">606 435 004 \/ 943 37 28 17<\/span><\/a><\/div><div class=\"w-btn-wrapper align_none\"><a class=\"w-btn us-btn-style_7 icon_atleft\" href=\"#\"><i class=\"fas fa-map-marker-alt\"><\/i><span class=\"w-btn-label\">Lasarte-Oriako, Oria etorbidea 10<\/span><\/a><\/div><div class=\"w-btn-wrapper align_none\"><a class=\"w-btn us-btn-style_7 icon_atleft\" href=\"#\"><i class=\"fas fa-envelope\"><\/i><span class=\"w-btn-label\">tirikitrauki@tirikitrauki.com<\/span><\/a><\/div><\/div><\/div><\/div><\/div><\/div><\/div><\/div><\/section><section class=\"l-section wpb_row us_custom_17b44b37 height_auto\"><div class=\"l-section-h i-cf\"><div class=\"g-cols vc_row via_flex valign_top type_default stacking_default\"><div class=\"vc_col-sm-12 wpb_column vc_column_container\"><div class=\"vc_column-inner us_custom_e00177fa\"><div class=\"wpb_wrapper\"><\/div><\/div><\/div><\/div><\/div><\/section><section class=\"l-section wpb_row us_custom_8f7230ca height_medium\"><div class=\"l-section-h i-cf\"><div class=\"g-cols vc_row via_flex valign_top type_default stacking_default\"><div class=\"vc_col-sm-12 wpb_column vc_column_container\"><div class=\"vc_column-inner\"><div class=\"wpb_wrapper\"><section class=\"l-section wpb_row us_custom_8f7230ca height_medium\"><div class=\"l-section-h i-cf\"><div class=\"g-cols vc_row via_flex valign_top type_default stacking_default\"><div class=\"vc_col-sm-12 wpb_column vc_column_container\"><div class=\"vc_column-inner\"><div class=\"wpb_wrapper\"><h1 class=\"w-text\"><span class=\"w-text-h\"><span class=\"w-text-value\">Categor\u00edas de producto<\/span><\/span><\/h1><div class=\"w-hwrapper us_custom_173c0608 valign_top wrap align_left\" style=\"--hwrapper-gap:0.8rem\"><div class=\"w-ibanner us_custom_b67ed7a2 animation_aphelia ratio_1x1 easing_ease\"><a title=\"Trikitrixak\" href=\"\/es\/categoria\/trikitixas\/\" aria-label=\"Trikitixas\"><\/a><div class=\"w-ibanner-h\"><div class=\"w-ibanner-image\" style=\"background-image: url(https:\/\/tirikitrauki.com\/wp-content\/uploads\/2022\/09\/triki-fondo-gabe.png)\"><\/div><div class=\"w-ibanner-content\"><div class=\"w-ibanner-content-h\"><h4 class=\"w-ibanner-title\">Trikitixas<\/h4><div class=\"w-ibanner-desc\"><\/div><\/div><\/div><\/div><\/div><div class=\"w-ibanner us_custom_bb990ab2 animation_aphelia ratio_1x1 easing_ease\"><a title=\"Eskusoinuak\" href=\"\/es\/categoria\/acordeones\/\" aria-label=\"Acordeones\"><\/a><div class=\"w-ibanner-h\"><div class=\"w-ibanner-image\" style=\"background-image: url(https:\/\/tirikitrauki.com\/wp-content\/uploads\/2022\/08\/eskusoinua.png)\"><\/div><div class=\"w-ibanner-content\"><div class=\"w-ibanner-content-h\"><h4 class=\"w-ibanner-title\">Acordeones<\/h4><div class=\"w-ibanner-desc\"><\/div><\/div><\/div><\/div><\/div><div class=\"w-ibanner us_custom_bb990ab2 animation_aphelia ratio_1x1 easing_ease\"><a title=\"Alokairuak\" href=\"\/es\/categoria\/alquileres\/\" aria-label=\"Alquileres\"><\/a><div class=\"w-ibanner-h\"><div class=\"w-ibanner-image\" style=\"background-image: url(https:\/\/tirikitrauki.com\/wp-content\/uploads\/2022\/11\/alokairua.jpg)\"><\/div><div class=\"w-ibanner-content\"><div class=\"w-ibanner-content-h\"><h4 class=\"w-ibanner-title\" style=\"font-size:22;\">Alquileres<\/h4><div class=\"w-ibanner-desc\"><\/div><\/div><\/div><\/div><\/div><div class=\"w-ibanner us_custom_8a4c8d13 animation_aphelia ratio_1x1 easing_ease\"><a title=\"Diatonikoak\" href=\"\/es\/categoria\/panderetas\/\" aria-label=\"Panderetas\"><\/a><div class=\"w-ibanner-h\"><div class=\"w-ibanner-image\" style=\"background-image: url(https:\/\/tirikitrauki.com\/wp-content\/uploads\/2022\/08\/pandero.png)\"><\/div><div class=\"w-ibanner-content\"><div class=\"w-ibanner-content-h\"><h4 class=\"w-ibanner-title\">Panderetas<\/h4><div class=\"w-ibanner-desc\"><\/div><\/div><\/div><\/div><\/div><div class=\"w-ibanner us_custom_1baa56bf animation_aphelia ratio_1x1 easing_ease\"><a title=\"Diatonikoak\" href=\"\/es\/categoria\/diatonicos-precios-sin-alquiler\/\" aria-label=\"Diat\u00f3nicos\"><\/a><div class=\"w-ibanner-h\"><div class=\"w-ibanner-image\" style=\"background-image: url(https:\/\/tirikitrauki.com\/wp-content\/uploads\/2022\/08\/diatoniko.png)\"><\/div><div class=\"w-ibanner-content\"><div class=\"w-ibanner-content-h\"><h4 class=\"w-ibanner-title\">Diat\u00f3nicos<\/h4><div class=\"w-ibanner-desc\"><\/div><\/div><\/div><\/div><\/div><div class=\"w-ibanner us_custom_7f5d1681 animation_aphelia ratio_1x1 easing_ease\"><a title=\"Bigarren eskukoak\" href=\"\/es\/categoria\/segunda-mano\/\" aria-label=\"Segunda mano\"><\/a><div class=\"w-ibanner-h\"><div class=\"w-ibanner-image\" style=\"background-image: url(https:\/\/tirikitrauki.com\/wp-content\/uploads\/2022\/10\/2.ESKUKOA.png)\"><\/div><div class=\"w-ibanner-content\"><div class=\"w-ibanner-content-h\"><h4 class=\"w-ibanner-title\">Segunda mano<\/h4><div class=\"w-ibanner-desc\"><\/div><\/div><\/div><\/div><\/div><div class=\"w-ibanner us_custom_7f5d1681 animation_aphelia ratio_1x1 easing_ease\"><a title=\"Soinuentzako gehigarriak\" href=\"\/es\/categoria\/complementos-para-el-acordeon\/\" aria-label=\"Complementos para el acorde\u00f3n\"><\/a><div class=\"w-ibanner-h\"><div class=\"w-ibanner-image\" style=\"background-image: url(https:\/\/tirikitrauki.com\/wp-content\/uploads\/2022\/10\/funda.png)\"><\/div><div class=\"w-ibanner-content\"><div class=\"w-ibanner-content-h\"><h4 class=\"w-ibanner-title\" style=\"font-size:22;\">Complementos para el acorde\u00f3n<\/h4><div class=\"w-ibanner-desc\"><\/div><\/div><\/div><\/div><\/div><div class=\"w-ibanner us_custom_7f5d1681 animation_aphelia ratio_1x1 easing_ease\"><a title=\"Liburuak, metodoak eta panderoak\" href=\"\/es\/categoria\/libros-metodos-y-partituras\/\" aria-label=\"Libros, m\u00e9todos y partituras\"><\/a><div class=\"w-ibanner-h\"><div class=\"w-ibanner-image\" style=\"background-image: url(https:\/\/tirikitrauki.com\/wp-content\/uploads\/2022\/08\/liburuak.png)\"><\/div><div class=\"w-ibanner-content\"><div class=\"w-ibanner-content-h\"><h4 class=\"w-ibanner-title\">Libros, m\u00e9todos y partituras<\/h4><div class=\"w-ibanner-desc\"><\/div><\/div><\/div><\/div><\/div><div class=\"w-ibanner us_custom_2a33cdb3 animation_aphelia ratio_1x1 easing_ease\"><a title=\"Bestelako musika tresnak\" href=\"\/es\/categoria\/otros-instrumentos\/\" aria-label=\"Otros instrumentos\"><\/a><div class=\"w-ibanner-h\"><div class=\"w-ibanner-image\" style=\"background-image: url(https:\/\/tirikitrauki.com\/wp-content\/uploads\/2022\/09\/Dulzaina-1024x1024.png)\"><\/div><div class=\"w-ibanner-content\"><div class=\"w-ibanner-content-h\"><h4 class=\"w-ibanner-title\">Otros instrumentos<\/h4><div class=\"w-ibanner-desc\"><\/div><\/div><\/div><\/div><\/div><\/div><\/div><\/div><\/div><\/div><\/div><\/section>\n<\/div><\/div><\/div><\/div><\/div><\/section><section class=\"l-section wpb_row us_custom_9d1e26d6 height_medium\"><div class=\"l-section-h i-cf\"><div class=\"g-cols vc_row via_flex valign_top type_default stacking_default\"><div class=\"vc_col-sm-12 wpb_column vc_column_container\"><div class=\"vc_column-inner\"><div class=\"wpb_wrapper\"><section class=\"l-section wpb_row height_auto\"><div class=\"l-section-h i-cf\"><div class=\"g-cols vc_row via_flex valign_top type_default stacking_default\"><div class=\"vc_col-sm-12 wpb_column vc_column_container\"><div class=\"vc_column-inner\"><div class=\"wpb_wrapper\"><div class=\"w-grid us_grid type_grid layout_46761 cols_5 preload_style_spinner ratio_1x1\" id=\"us_grid_1\" style=\"--columns:5;--gap:1.5rem;--item-ratio:1;\" data-filterable=\"true\"><style>@media (max-width:1400px){#us_grid_1{--columns:3!important}}@media (max-width:1024px){#us_grid_1{--columns:2!important}}@media (max-width:600px){#us_grid_1{--columns:1!important}}.layout_46761 .w-grid-item-h{}.layout_46761 .usg_post_image_1{transition-duration:0.3s;transform-origin:50% 50%;transform:scale(1) translate(0%,0%)}.layout_46761 .w-grid-item-h:focus-within .usg_post_image_1,.layout_46761 .w-grid-item-h:hover .usg_post_image_1{transform:scale(1.05) translate(0%,0%);opacity:0.8}.layout_46761 .usg_post_title_1{font-size:16px!important;margin-top:20px!important}<\/style><div class=\"w-grid-list\">\t<article class=\"w-grid-item size_1x1 post-48147 banner type-banner status-publish has-post-thumbnail hentry\" data-id=\"48147\">\r\n\t\t<div class=\"w-grid-item-h\">\r\n\t\t\t\t\t\t<div class=\"w-post-elm post_image usg_post_image_1 stretched\"><a href=\"https:\/\/tirikitrauki.com\" aria-label=\"Abuztuan denda itxita egongo da.   OPORRAK!!    Irailaren 1ean bueltan izango gara.\"><img loading=\"lazy\" decoding=\"async\" width=\"1024\" height=\"587\" src=\"https:\/\/tirikitrauki.com\/wp-content\/uploads\/2025\/07\/paradisua-1024x587.webp\" class=\"attachment-large size-large wp-post-image\" alt=\"\" srcset=\"https:\/\/tirikitrauki.com\/wp-content\/uploads\/2025\/07\/paradisua-1024x587.webp 1024w, https:\/\/tirikitrauki.com\/wp-content\/uploads\/2025\/07\/paradisua-300x172.webp 300w, https:\/\/tirikitrauki.com\/wp-content\/uploads\/2025\/07\/paradisua-900x516.webp 900w\" sizes=\"auto, (max-width: 1024px) 100vw, 1024px\" \/><\/a><\/div><h4 class=\"w-post-elm post_title usg_post_title_1 align_center entry-title color_link_inherit\"><a href=\"https:\/\/tirikitrauki.com\/es\/banner\/abuztuan-denda-itxita-egongo-da-oporrak-irailaren-1ean-bueltan-izango-gara\/\">Abuztuan denda itxita egongo da.   OPORRAK!!    Irailaren 1ean bueltan izango gara.<\/a><\/h4>\t\t<\/div>\r\n\t\t\t<\/article>\r\n\t<article class=\"w-grid-item size_1x1 post-46785 banner type-banner status-publish has-post-thumbnail hentry\" data-id=\"46785\">\r\n\t\t<div class=\"w-grid-item-h\">\r\n\t\t\t\t\t\t<div class=\"w-post-elm post_image usg_post_image_1 stretched\"><a href=\"https:\/\/tirikitrauki.com\/es\/categoria\/alquileres\/trikitixa-2\/\" aria-label=\"Alquiler de Tirikitixas\"><img loading=\"lazy\" decoding=\"async\" width=\"1024\" height=\"683\" src=\"https:\/\/tirikitrauki.com\/wp-content\/uploads\/2024\/01\/turkesa-1024x683.jpg\" class=\"attachment-large size-large wp-post-image\" alt=\"\" srcset=\"https:\/\/tirikitrauki.com\/wp-content\/uploads\/2024\/01\/turkesa-1024x683.jpg 1024w, https:\/\/tirikitrauki.com\/wp-content\/uploads\/2024\/01\/turkesa-300x200.jpg 300w, https:\/\/tirikitrauki.com\/wp-content\/uploads\/2024\/01\/turkesa-900x600.jpg 900w\" sizes=\"auto, (max-width: 1024px) 100vw, 1024px\" \/><\/a><\/div><h4 class=\"w-post-elm post_title usg_post_title_1 align_center entry-title color_link_inherit\"><a href=\"https:\/\/tirikitrauki.com\/es\/banner\/alquiler-de-tirikitixas\/\">Alquiler de Tirikitixas<\/a><\/h4>\t\t<\/div>\r\n\t\t\t<\/article>\r\n<\/div>\t<div class=\"w-grid-preloader\">\r\n\t\t<div class=\"g-preloader type_1\">\r\n\t\t\t<div><\/div>\r\n\t\t<\/div>\r\n\t<\/div>\r\n\t\t<div class=\"w-grid-json hidden\" onclick='return {&quot;action&quot;:&quot;us_ajax_grid&quot;,&quot;infinite_scroll&quot;:0,&quot;max_num_pages&quot;:1,&quot;pagination&quot;:&quot;none&quot;,&quot;template_vars&quot;:{&quot;columns&quot;:&quot;5&quot;,&quot;exclude_items&quot;:&quot;none&quot;,&quot;img_size&quot;:&quot;default&quot;,&quot;ignore_items_size&quot;:0,&quot;items_layout&quot;:&quot;46761&quot;,&quot;items_offset&quot;:&quot;1&quot;,&quot;load_animation&quot;:&quot;none&quot;,&quot;overriding_link&quot;:&quot;%7B%22url%22%3A%22%22%7D&quot;,&quot;post_id&quot;:46771,&quot;query_args&quot;:{&quot;post_type&quot;:[&quot;banner&quot;],&quot;post_status&quot;:[&quot;publish&quot;,&quot;acf-disabled&quot;],&quot;posts_per_page&quot;:&quot;15&quot;},&quot;orderby_query_args&quot;:{&quot;orderby&quot;:{&quot;date&quot;:&quot;DESC&quot;}},&quot;type&quot;:&quot;grid&quot;,&quot;us_grid_post_type&quot;:&quot;banner&quot;,&quot;us_grid_ajax_index&quot;:1,&quot;us_grid_filter_query_string&quot;:null,&quot;us_grid_index&quot;:1,&quot;page_args&quot;:[],&quot;lang&quot;:&quot;es&quot;}}'><\/div>\r\n\t<\/div><\/div><\/div><\/div><\/div><\/div><\/section>\n<section class=\"l-section wpb_row height_medium\"><div class=\"l-section-h i-cf\"><div class=\"g-cols vc_row via_flex valign_top type_default stacking_default\"><div class=\"vc_col-sm-12 wpb_column vc_column_container\"><div class=\"vc_column-inner us_custom_8535c5f4\"><div class=\"wpb_wrapper\"><div class=\"wpb_text_column\"><div class=\"wpb_wrapper\"><h2>trabajamos con estas marcas:<\/h2>\n<\/div><\/div><div class=\"w-hwrapper us_custom_703b2333 valign_middle wrap align_justify\" style=\"--hwrapper-gap:0rem\"><div class=\"w-image us_custom_5c07cc07 align_none\"><a target=\"_blank\" rel=\"nofollow\" href=\"https:\/\/castagnari.com\/\" aria-label=\"logo-castagnari\" class=\"w-image-h\"><img decoding=\"async\" width=\"274\" height=\"65\" src=\"https:\/\/tirikitrauki.com\/wp-content\/uploads\/2022\/09\/logo-castagnari.png\" class=\"attachment-full size-full\" alt=\"\" loading=\"lazy\" \/><\/a><\/div><div class=\"w-image us_custom_5c07cc07 align_none\"><a target=\"_blank\" rel=\"nofollow\" href=\"http:\/\/www.zerosetteaccordions.com\/azienda_zerosette.php?lng=en\" aria-label=\"Grupo 44\" class=\"w-image-h\"><img decoding=\"async\" width=\"199\" height=\"86\" src=\"https:\/\/tirikitrauki.com\/wp-content\/uploads\/2022\/09\/Grupo-44.png\" class=\"attachment-full size-full\" alt=\"\" loading=\"lazy\" \/><\/a><\/div><div class=\"w-image align_none\"><a href=\"target:_blank\" aria-label=\"Grupo 43\" class=\"w-image-h\"><img decoding=\"async\" width=\"267\" height=\"103\" src=\"https:\/\/tirikitrauki.com\/wp-content\/uploads\/2022\/09\/Grupo-43.png\" class=\"attachment-full size-full\" alt=\"\" loading=\"lazy\" \/><\/a><\/div><div class=\"w-image us_custom_3000a3fb align_none\"><a target=\"_blank\" rel=\"nofollow\" href=\"https:\/\/www.bugariarmando.com\/en\/home-page-english\/\" aria-label=\"logo_bugari\" class=\"w-image-h\"><img decoding=\"async\" width=\"260\" height=\"40\" src=\"https:\/\/tirikitrauki.com\/wp-content\/uploads\/2022\/09\/logo_bugari.png\" class=\"attachment-full size-full\" alt=\"\" loading=\"lazy\" \/><\/a><\/div><div class=\"w-image us_custom_3000a3fb align_none\"><a title=\"webgunera joan\" target=\"_blank\" rel=\"nofollow\" href=\"https:\/\/www.fbbaccordions.it\/\" aria-label=\"0dae4e86-6a26-4312-bfa5-fc94d2f47f61\" class=\"w-image-h\"><img decoding=\"async\" width=\"1024\" height=\"257\" src=\"https:\/\/tirikitrauki.com\/wp-content\/uploads\/2022\/09\/0dae4e86-6a26-4312-bfa5-fc94d2f47f61-1024x257.png\" class=\"attachment-large size-large\" alt=\"\" loading=\"lazy\" srcset=\"https:\/\/tirikitrauki.com\/wp-content\/uploads\/2022\/09\/0dae4e86-6a26-4312-bfa5-fc94d2f47f61-1024x257.png 1024w, https:\/\/tirikitrauki.com\/wp-content\/uploads\/2022\/09\/0dae4e86-6a26-4312-bfa5-fc94d2f47f61-300x75.png 300w, https:\/\/tirikitrauki.com\/wp-content\/uploads\/2022\/09\/0dae4e86-6a26-4312-bfa5-fc94d2f47f61-900x226.png 900w, https:\/\/tirikitrauki.com\/wp-content\/uploads\/2022\/09\/0dae4e86-6a26-4312-bfa5-fc94d2f47f61.png 1467w\" sizes=\"auto, (max-width: 1024px) 100vw, 1024px\" \/><\/a><\/div><\/div><\/div><\/div><\/div><\/div><\/div><\/section><section class=\"l-section wpb_row us_custom_b33502fc height_medium color_alternate\" id=\"enlaces\"><div class=\"l-section-h i-cf\"><div class=\"g-cols vc_row via_flex valign_top type_default stacking_default\"><div class=\"vc_col-sm-12 wpb_column vc_column_container\"><div class=\"vc_column-inner us_custom_917d6661\"><div class=\"wpb_wrapper\"><h1 class=\"w-text us_custom_e39c58de has_text_color\"><span class=\"w-text-h\"><span class=\"w-text-value\">Enlaces de interes<\/span><\/span><\/h1><div class=\"w-hwrapper us_custom_e1ee0fbf valign_top wrap align_justify\" style=\"--hwrapper-gap:0.4rem\"><div class=\"wpb_text_column us_custom_dd96643e has_text_color\"><div class=\"wpb_wrapper\"><p><a href=\"https:\/\/www.euskaljantziak.com\/\" target=\"_blank\" rel=\"noopener\">www.euskaljantziak.com<\/a> (Baserritar jantziak)<br \/>\n<a href=\"http:\/\/www.trikitixa.eus\/\" target=\"_blank\" rel=\"noopener\">www.trikitixa.eus<\/a> (Euskal Herriko trikitixa elkartea)<br \/>\n<a href=\"http:\/\/gerardtermes.blogspot.com\/\" target=\"_blank\" rel=\"noopener\">Gerdad Termes<\/a> (T\u00e9cnico Oficial Catalu\u00f1a)<\/p>\n<\/div><\/div><div class=\"wpb_text_column us_custom_76f03a85\"><div class=\"wpb_wrapper\"><\/div><\/div><\/div><\/div><\/div><\/div><\/div><\/div><\/section>\n<\/div><\/div><\/div><\/div><\/div><\/section>\n","protected":false},"excerpt":{"rendered":"","protected":false},"author":1,"featured_media":0,"parent":0,"menu_order":0,"comment_status":"closed","ping_status":"closed","template":"","meta":{"_acf_changed":false,"footnotes":""},"class_list":["post-44770","page","type-page","status-publish","hentry"],"acf":[],"_links":{"self":[{"href":"https:\/\/tirikitrauki.com\/es\/wp-json\/wp\/v2\/pages\/44770","targetHints":{"allow":["GET"]}}],"collection":[{"href":"https:\/\/tirikitrauki.com\/es\/wp-json\/wp\/v2\/pages"}],"about":[{"href":"https:\/\/tirikitrauki.com\/es\/wp-json\/wp\/v2\/types\/page"}],"author":[{"embeddable":true,"href":"https:\/\/tirikitrauki.com\/es\/wp-json\/wp\/v2\/users\/1"}],"replies":[{"embeddable":true,"href":"https:\/\/tirikitrauki.com\/es\/wp-json\/wp\/v2\/comments?post=44770"}],"version-history":[{"count":27,"href":"https:\/\/tirikitrauki.com\/es\/wp-json\/wp\/v2\/pages\/44770\/revisions"}],"predecessor-version":[{"id":46995,"href":"https:\/\/tirikitrauki.com\/es\/wp-json\/wp\/v2\/pages\/44770\/revisions\/46995"}],"wp:attachment":[{"href":"https:\/\/tirikitrauki.com\/es\/wp-json\/wp\/v2\/media?parent=44770"}],"curies":[{"name":"wp","href":"https:\/\/api.w.org\/{rel}","templated":true}]}}